{"id":2,"date":"2026-02-11T19:10:39","date_gmt":"2026-02-11T19:10:39","guid":{"rendered":"http:\/\/www.beliangeli.com\/?page_id=2"},"modified":"2026-03-04T08:47:47","modified_gmt":"2026-03-04T08:47:47","slug":"sample-page","status":"publish","type":"page","link":"https:\/\/www.beliangeli.com\/","title":{"rendered":"Zavod belih angelov"},"content":{"rendered":"\n<p>ZAVOD BELIH ANGELOV je ustanovljen z namenom povezovanja enako misle\u010dih motoristk in motoristov, ki \u017eelijo s solidarnostjo, humanitarnimi akcijami in podobnimi dejanji spodbuditi in deliti svoje misli in tako pomagati, ozave\u0161\u010dati k ve\u010dji prometni varnosti.<\/p>\n\n\n\n<p>Hkrati ob vsem tem \u017eelimo svoje podpornike povezovati in izvajati tudi dru\u017eenja za namen u\u017eivanja na cestnih avanturah.<\/p>\n\n\n\n<p>Zavod nikakor ni motoristi\u010dni klub ali dru\u0161tvo in \u017eeli ostati in povezovati striktno samo po svojih na\u010delih:<br>Prijateljstvo, preventiva, pomo\u010d , dobrota in zvestoba soljudem.<\/p>\n\n\n\n<p>S svojim so\u010dutjem, vedrino in razumevanjem peljati to pot \u2026<\/p>\n\n\n\n<p>.<\/p>\n\n\n\n<p><\/p>\n\n\n\n<p><\/p>\n","protected":false},"excerpt":{"rendered":"<p>ZAVOD BELIH ANGELOV je ustanovljen z namenom povezovanja enako misle\u010dih motoristk in motoristov, ki \u017eelijo s solidarnostjo, humanitarnimi akcijami in podobnimi dejanji [&hellip;]<\/p>\n","protected":false},"author":1,"featured_media":0,"parent":0,"menu_order":0,"comment_status":"closed","ping_status":"open","template":"page-templates\/page_fullwidth.php","meta":{"footnotes":""},"class_list":["post-2","page","type-page","status-publish","hentry"],"_links":{"self":[{"href":"https:\/\/www.beliangeli.com\/index.php?rest_route=\/wp\/v2\/pages\/2","targetHints":{"allow":["GET"]}}],"collection":[{"href":"https:\/\/www.beliangeli.com\/index.php?rest_route=\/wp\/v2\/pages"}],"about":[{"href":"https:\/\/www.beliangeli.com\/index.php?rest_route=\/wp\/v2\/types\/page"}],"author":[{"embeddable":true,"href":"https:\/\/www.beliangeli.com\/index.php?rest_route=\/wp\/v2\/users\/1"}],"replies":[{"embeddable":true,"href":"https:\/\/www.beliangeli.com\/index.php?rest_route=%2Fwp%2Fv2%2Fcomments&post=2"}],"version-history":[{"count":1,"href":"https:\/\/www.beliangeli.com\/index.php?rest_route=\/wp\/v2\/pages\/2\/revisions"}],"predecessor-version":[{"id":24,"href":"https:\/\/www.beliangeli.com\/index.php?rest_route=\/wp\/v2\/pages\/2\/revisions\/24"}],"wp:attachment":[{"href":"https:\/\/www.beliangeli.com\/index.php?rest_route=%2Fwp%2Fv2%2Fmedia&parent=2"}],"curies":[{"name":"wp","href":"https:\/\/api.w.org\/{rel}","templated":true}]}}